{"id":61,"date":"2018-10-07T11:02:55","date_gmt":"2018-10-07T11:02:55","guid":{"rendered":"http:\/\/www.pavelgrepl.cz\/?page_id=61"},"modified":"2024-06-18T12:49:14","modified_gmt":"2024-06-18T12:49:14","slug":"o-mne","status":"publish","type":"page","link":"https:\/\/www.pavelgrepl.cz\/","title":{"rendered":"O mn\u011b"},"content":{"rendered":"<p>Jsem b\u00fdval\u00fd tane\u010dn\u00edk mezin\u00e1rodn\u00ed t\u0159\u00eddy, nyn\u00ed tren\u00e9r a porotce I. t\u0159\u00eddy. Aktu\u00e1ln\u011b zast\u00e1v\u00e1m post kondi\u010dn\u00edho tren\u00e9ra u n\u00e1rodn\u00edho reprezenta\u010dn\u00edho t\u00fdmu a tren\u00e9ra v tane\u010dn\u00edm klubu Olymp Olomouc. Jsem studentem doktorsk\u00e9ho studia na Univerzit\u011b Palack\u00e9ho se zam\u011b\u0159en\u00edm na fyziologii z\u00e1t\u011b\u017ee. Po konci aktivn\u00ed tane\u010dn\u00ed kari\u00e9ry jsem se za\u010dal v\u011bnovat m\u00e9mu b\u011b\u017eeck\u00e9mu t\u00fdmu Running academy Olomouc. Vedu v n\u011bm jako tren\u00e9r skupinu b\u011b\u017ec\u016f skrze individu\u00e1ln\u00ed tr\u00e9ninkov\u00e9 pl\u00e1ny. T\u011bmi pro\u0161lo u\u017e cca 40 b\u011b\u017ec\u016f, v anal\u00fdz\u00e1ch techniky b\u011bhu se ji\u017e bl\u00ed\u017e\u00edm k \u010d\u00edslu 80 diagnostikovan\u00fdch b\u011b\u017ec\u016f. Po\u0159\u00e1d\u00e1m soust\u0159ed\u011bn\u00ed a vzd\u011bl\u00e1vac\u00ed akce. Portfolio nab\u00edzen\u00fdch slu\u017eeb se tedy v\u011btv\u00ed do oblast\u00ed vytrvalostn\u00edho b\u011bhu a tane\u010dn\u00edho sportu. Discipl\u00edny jsou to odli\u0161n\u00e9, ale z\u00e1t\u011b\u017eov\u00e1 fyziologie je v\u017edy stejn\u00e1.<\/p>\n<p><a href=\"https:\/\/www.pavelgrepl.cz\/wp-content\/uploads\/2024\/06\/CV_2024.pdf\">Kompletn\u00ed \u017eivotopis.<\/a><\/p>\n<div class=\"epyt-video-wrapper\"><iframe loading=\"lazy\"  id=\"_ytid_38403\"  width=\"480\" height=\"270\"  data-origwidth=\"480\" data-origheight=\"270\" src=\"https:\/\/www.youtube.com\/embed\/p9DJqmH-gTE?enablejsapi=1&autoplay=0&cc_load_policy=0&cc_lang_pref=&iv_load_policy=1&loop=0&rel=1&fs=1&playsinline=0&autohide=2&theme=dark&color=red&controls=1&disablekb=0&\" class=\"__youtube_prefs__  no-lazyload\" title=\"YouTube player\"  allow=\"fullscreen; accelerometer; autoplay; clipboard-write; encrypted-media; gyroscope; picture-in-picture; web-share\" referrerpolicy=\"strict-origin-when-cross-origin\" allowfullscreen data-no-lazy=\"1\" data-skipgform_ajax_framebjll=\"\"><\/iframe><\/div>\n","protected":false},"excerpt":{"rendered":"<p>Jsem b\u00fdval\u00fd tane\u010dn\u00edk mezin\u00e1rodn\u00ed t\u0159\u00eddy, nyn\u00ed tren\u00e9r a porotce I. t\u0159\u00eddy. Aktu\u00e1ln\u011b zast\u00e1v\u00e1m post kondi\u010dn\u00edho tren\u00e9ra u n\u00e1rodn\u00edho reprezenta\u010dn\u00edho t\u00fdmu [&hellip;]<\/p>\n","protected":false},"author":1,"featured_media":294,"parent":0,"menu_order":1,"comment_status":"closed","ping_status":"closed","template":"","meta":{"site-sidebar-layout":"default","site-content-layout":"","ast-site-content-layout":"default","site-content-style":"default","site-sidebar-style":"default","ast-global-header-display":"","ast-banner-title-visibility":"","ast-main-header-display":"","ast-hfb-above-header-display":"","ast-hfb-below-header-display":"","ast-hfb-mobile-header-display":"","site-post-title":"","ast-breadcrumbs-content":"","ast-featured-img":"","footer-sml-layout":"","theme-transparent-header-meta":"default","adv-header-id-meta":"","stick-header-meta":"","header-above-stick-meta":"","header-main-stick-meta":"","header-below-stick-meta":"","astra-migrate-meta-layouts":"set","ast-page-background-enabled":"default","ast-page-background-meta":{"desktop":{"background-color":"var(--ast-global-color-4)","background-image":"","background-repeat":"repeat","background-position":"center center","background-size":"auto","background-attachment":"scroll","background-type":"","background-media":"","overlay-type":"","overlay-color":"","overlay-gradient":""},"tablet":{"background-color":"","background-image":"","background-repeat":"repeat","background-position":"center center","background-size":"auto","background-attachment":"scroll","background-type":"","background-media":"","overlay-type":"","overlay-color":"","overlay-gradient":""},"mobile":{"background-color":"","background-image":"","background-repeat":"repeat","background-position":"center center","background-size":"auto","background-attachment":"scroll","background-type":"","background-media":"","overlay-type":"","overlay-color":"","overlay-gradient":""}},"ast-content-background-meta":{"desktop":{"background-color":"var(--ast-global-color-5)","background-image":"","background-repeat":"repeat","background-position":"center center","background-size":"auto","background-attachment":"scroll","background-type":"","background-media":"","overlay-type":"","overlay-color":"","overlay-gradient":""},"tablet":{"background-color":"var(--ast-global-color-5)","background-image":"","background-repeat":"repeat","background-position":"center center","background-size":"auto","background-attachment":"scroll","background-type":"","background-media":"","overlay-type":"","overlay-color":"","overlay-gradient":""},"mobile":{"background-color":"var(--ast-global-color-5)","background-image":"","background-repeat":"repeat","background-position":"center center","background-size":"auto","background-attachment":"scroll","background-type":"","background-media":"","overlay-type":"","overlay-color":"","overlay-gradient":""}},"footnotes":""},"class_list":["post-61","page","type-page","status-publish","has-post-thumbnail","hentry"],"_links":{"self":[{"href":"https:\/\/www.pavelgrepl.cz\/index.php\/wp-json\/wp\/v2\/pages\/61","targetHints":{"allow":["GET"]}}],"collection":[{"href":"https:\/\/www.pavelgrepl.cz\/index.php\/wp-json\/wp\/v2\/pages"}],"about":[{"href":"https:\/\/www.pavelgrepl.cz\/index.php\/wp-json\/wp\/v2\/types\/page"}],"author":[{"embeddable":true,"href":"https:\/\/www.pavelgrepl.cz\/index.php\/wp-json\/wp\/v2\/users\/1"}],"replies":[{"embeddable":true,"href":"https:\/\/www.pavelgrepl.cz\/index.php\/wp-json\/wp\/v2\/comments?post=61"}],"version-history":[{"count":10,"href":"https:\/\/www.pavelgrepl.cz\/index.php\/wp-json\/wp\/v2\/pages\/61\/revisions"}],"predecessor-version":[{"id":78,"href":"https:\/\/www.pavelgrepl.cz\/index.php\/wp-json\/wp\/v2\/pages\/61\/revisions\/78"}],"wp:featuredmedia":[{"embeddable":true,"href":"https:\/\/www.pavelgrepl.cz\/index.php\/wp-json\/wp\/v2\/media\/294"}],"wp:attachment":[{"href":"https:\/\/www.pavelgrepl.cz\/index.php\/wp-json\/wp\/v2\/media?parent=61"}],"curies":[{"name":"wp","href":"https:\/\/api.w.org\/{rel}","templated":true}]}}