{"id":271,"date":"2024-02-13T10:24:16","date_gmt":"2024-02-13T10:24:16","guid":{"rendered":"https:\/\/www.pavelgrepl.cz\/?page_id=271"},"modified":"2025-03-22T17:43:24","modified_gmt":"2025-03-22T17:43:24","slug":"eshop","status":"publish","type":"page","link":"https:\/\/www.pavelgrepl.cz\/index.php\/eshop\/","title":{"rendered":"ESHOP"},"content":{"rendered":"<h2 style=\"text-align: center;\">Manu\u00e1l pro b\u011b\u017ece<\/h2>\n<p><img loading=\"lazy\" decoding=\"async\" class=\"wp-image-360 aligncenter\" src=\"https:\/\/www.pavelgrepl.cz\/wp-content\/uploads\/2025\/03\/Ctverec_letak.png\" alt=\"\" width=\"300\" height=\"300\" srcset=\"https:\/\/www.pavelgrepl.cz\/wp-content\/uploads\/2025\/03\/Ctverec_letak.png 1080w, https:\/\/www.pavelgrepl.cz\/wp-content\/uploads\/2025\/03\/Ctverec_letak-300x300.png 300w, https:\/\/www.pavelgrepl.cz\/wp-content\/uploads\/2025\/03\/Ctverec_letak-1024x1024.png 1024w, https:\/\/www.pavelgrepl.cz\/wp-content\/uploads\/2025\/03\/Ctverec_letak-150x150.png 150w, https:\/\/www.pavelgrepl.cz\/wp-content\/uploads\/2025\/03\/Ctverec_letak-768x768.png 768w\" sizes=\"auto, (max-width: 300px) 100vw, 300px\" \/><\/p>\n<p data-start=\"118\" data-end=\"178\">\ud83c\udfc3\u200d\u2642\ufe0f VYHNI SE ZA\u010c\u00c1TE\u010cNICK\u00ddM CHYB\u00c1M \ud83c\udf1f<\/p>\n<p class=\"\" data-start=\"180\" data-end=\"267\">\ud83c\udfa5 Nov\u011b zve\u0159ejn\u011bn\u00e1 videonahr\u00e1vka p\u0159edn\u00e1\u0161ky \u2013 <strong data-start=\"225\" data-end=\"267\">nenechte si uj\u00edt \u0161anci b\u011bhat chyt\u0159eji!<\/strong><\/p>\n<p class=\"\" data-start=\"269\" data-end=\"547\">Zapome\u0148te na zbyte\u010dn\u00e9 tr\u00e1pen\u00ed, p\u0159et\u00ed\u017een\u00ed a \u201eb\u011b\u017eeck\u00e9 m\u00fdty\u201c. Tahle p\u0159edn\u00e1\u0161ka je komplexn\u00ed pr\u016fvodce pro v\u0161echny, kte\u0159\u00ed cht\u011bj\u00ed <strong data-start=\"392\" data-end=\"432\">b\u011bhat dlouhodob\u011b, zdrav\u011b a s radost\u00ed<\/strong>. Z\u00edsk\u00e1te p\u0159ehled toho nejd\u016fle\u017eit\u011bj\u0161\u00edho o tr\u00e9ninku, technice, v\u00fdbav\u011b i chyb\u00e1ch, kter\u00fdm se m\u016f\u017eete elegantn\u011b vyhnout.<\/p>\n<p class=\"\" data-start=\"549\" data-end=\"901\">\ud83d\udd0d <strong data-start=\"552\" data-end=\"567\">Co z\u00edsk\u00e1te?<\/strong><br data-start=\"567\" data-end=\"570\" \/>\u2013 Jasn\u00e9 odpov\u011bdi na ot\u00e1zky: <em data-start=\"598\" data-end=\"657\">Jak za\u010d\u00edt? Jak \u010dasto b\u011bhat? A hlavn\u011b \u2013 jak b\u011bhat spr\u00e1vn\u011b?<\/em><br data-start=\"657\" data-end=\"660\" \/>\u2013 Konkr\u00e9tn\u00ed tipy k <strong data-start=\"679\" data-end=\"730\">b\u011b\u017eeck\u00e9 technice, d\u00fdch\u00e1n\u00ed, kadenci, dr\u017een\u00ed t\u011bla<\/strong> i budov\u00e1n\u00ed s\u00edly.<br data-start=\"747\" data-end=\"750\" \/>\u2013 Praktick\u00e9 rady k v\u00fdb\u011bru obuvi, hodinek a m\u011b\u0159en\u00ed srde\u010dn\u00ed frekvence.<br data-start=\"818\" data-end=\"821\" \/>\u2013 P\u0159ehled nej\u010dast\u011bj\u0161\u00edch chyb, kter\u00e9 b\u011b\u017eci opakuj\u00ed dokola \u2013 a jak se jim vyhnout.<\/p>\n<p class=\"\" data-start=\"903\" data-end=\"1157\">\u2728 <strong data-start=\"905\" data-end=\"925\">Pro\u010d se pod\u00edvat?<\/strong><br data-start=\"925\" data-end=\"928\" \/>\u2013 Zm\u011bn\u00edte sv\u016fj p\u0159\u00edstup k b\u011bhu a zjist\u00edte, <strong data-start=\"970\" data-end=\"994\">\u017ee m\u00e9n\u011b m\u016f\u017ee b\u00fdt v\u00edc<\/strong>.<br data-start=\"995\" data-end=\"998\" \/>\u2013 Nau\u010d\u00edte se b\u011bhat s v\u011bt\u0161\u00ed lehkost\u00ed, efektivitou a hlavn\u011b bez bolesti.<br data-start=\"1068\" data-end=\"1071\" \/>\u2013 Z\u00edsk\u00e1te know-how, kter\u00e9 v\u00e1s posune d\u00e1l \u2013 a\u0165 u\u017e jste za\u010d\u00e1te\u010dn\u00edk nebo ost\u0159\u00edlen\u00fd hob\u00edk.<\/p>\n<p class=\"\" data-start=\"1159\" data-end=\"1263\">\ud83d\udc40 <strong data-start=\"1162\" data-end=\"1263\">Tuhle p\u0159edn\u00e1\u0161ku ocen\u00ed ka\u017ed\u00fd b\u011b\u017eec, kter\u00fd nechce jen \u201eodb\u011bhat kilometry\u201c, ale chce b\u011bhat chyt\u0159e.<\/strong><\/p>\n<p class=\"\" data-start=\"1265\" data-end=\"1374\">\ud83c\udfac <strong data-start=\"1268\" data-end=\"1309\">Pod\u00edvejte se na videonahr\u00e1vku u\u017e dnes<\/strong> a za\u010dn\u011bte b\u011bhat l\u00edp \u2013 technicky, v\u011bdom\u011b a dlouhodob\u011b udr\u017eiteln\u011b.<\/p>\n<p class=\"\" data-start=\"1376\" data-end=\"1423\">\ud83d\udca1 <strong data-start=\"1379\" data-end=\"1423\">B\u011bh nemus\u00ed bolet. Sta\u010d\u00ed v\u011bd\u011bt jak na to.<\/strong><\/p>\n<p class=\"\" data-start=\"1425\" data-end=\"1462\">\u23f1\ufe0f D\u00e9lka: 130 minut<br data-start=\"1444\" data-end=\"1447\" \/>\ud83d\udcb0 Cena: 599 K\u010d<\/p>\n<p style=\"text-align: center;\"><a style=\"display: inline-block; cursor: pointer; font-family: Arial, serif; font-size: 24px; font-weight: bold; padding: 10px 30px; text-decoration: none; background-color: #ff0000; border-radius: 6px; color: #ffffff;\" href=\"https:\/\/form.simpleshop.cz\/4zoM7\/buy\/\">Koupit<\/a><\/p>\n<hr \/>\n<h2 style=\"text-align: center;\">Pravda o cukru<\/h2>\n<h2 style=\"text-align: center;\"><img loading=\"lazy\" decoding=\"async\" class=\"alignnone wp-image-286\" src=\"https:\/\/www.pavelgrepl.cz\/wp-content\/uploads\/2024\/03\/Business-Webinar-Online-for-Instagram-Post-4-300x300.png\" alt=\"\" width=\"300\" height=\"300\" srcset=\"https:\/\/www.pavelgrepl.cz\/wp-content\/uploads\/2024\/03\/Business-Webinar-Online-for-Instagram-Post-4-300x300.png 300w, https:\/\/www.pavelgrepl.cz\/wp-content\/uploads\/2024\/03\/Business-Webinar-Online-for-Instagram-Post-4-1024x1024.png 1024w, https:\/\/www.pavelgrepl.cz\/wp-content\/uploads\/2024\/03\/Business-Webinar-Online-for-Instagram-Post-4-150x150.png 150w, https:\/\/www.pavelgrepl.cz\/wp-content\/uploads\/2024\/03\/Business-Webinar-Online-for-Instagram-Post-4-768x768.png 768w, https:\/\/www.pavelgrepl.cz\/wp-content\/uploads\/2024\/03\/Business-Webinar-Online-for-Instagram-Post-4.png 1080w\" sizes=\"auto, (max-width: 300px) 100vw, 300px\" \/><\/h2>\n<p>\ud83c\udf1f ODHALEN\u00cd TAJEMSTV\u00cd ZDRAV\u00cd BEZ CUKRU! \ud83c\udf1f<\/p>\n<p>\ud83c\udfa5 Nov\u011b zve\u0159ejn\u011bn\u00e1 videonahr\u00e1vka p\u0159edn\u00e1\u0161ky &#8211; nenechte si uj\u00edt!<\/p>\n<p>Pono\u0159te se do sv\u011bta, kde cukr u\u017e nevl\u00e1dne va\u0161emu zdrav\u00ed. Na\u0161e exkluzivn\u00ed videonahr\u00e1vka p\u0159edn\u00e1\u0161ky, inspirovan\u00e1 bestsellerem *Pravda o cukru* od Jessie Inchausp\u00e9, odhaluje \u0161okuj\u00edc\u00ed pravdu o vlivu cukru na na\u0161e t\u011blo a du\u0161i.<\/p>\n<p>\ud83d\udd0d Co z\u00edsk\u00e1te?<br \/>\n&#8211; Revolution\u00e1rn\u00ed poznatky o vlivu krevn\u00edho cukru na v\u00e1\u0161 \u017eivot.<br \/>\n&#8211; Praktick\u00e9 tipy na snadn\u00e9 zm\u011bny ve strav\u011b, kter\u00e9 v\u00e1m pomohou m\u00edt cukr pod kontrolou.<br \/>\n&#8211; Kl\u00ed\u010d k lep\u0161\u00edmu zdrav\u00ed a energii bez kolaps\u016f a n\u00e1ladovosti.<\/p>\n<p>\u2728 Pro\u010d se pod\u00edvat?<br \/>\n&#8211; Zm\u011b\u0148te sv\u016fj pohled na cukr a zjist\u011bte, jak m\u016f\u017eete \u017e\u00edt zdrav\u011bji s mal\u00fdmi \u00fapravami va\u0161\u00ed stravy.<br \/>\n&#8211; Nau\u010dte se, jak si u\u017e\u00edvat j\u00eddlo bez v\u00fd\u010ditek a s pocitem pln\u00e9 kontroly nad va\u0161\u00edm zdrav\u00edm.<br \/>\n&#8211; P\u0159ipojte se k tis\u00edc\u016fm lid\u00ed, kte\u0159\u00ed d\u00edky t\u011bmto poznatk\u016fm ud\u011blali v\u00fdznamn\u00fd krok k lep\u0161\u00edmu \u017eivotu.<\/p>\n<p>\ud83d\udc40 Nenechte si uj\u00edt tuto jedine\u010dnou p\u0159\u00edle\u017eitost k z\u00edsk\u00e1n\u00ed cenn\u00fdch informac\u00ed, kter\u00e9 mohou zm\u011bnit v\u00e1\u0161 \u017eivot k lep\u0161\u00edmu.<\/p>\n<p>\ud83c\udfac Pod\u00edvejte se na videonahr\u00e1vku ji\u017e dnes a za\u010dn\u011bte svou cestu k osvobozen\u00ed od cukru!<\/p>\n<p>\ud83d\udca1 \u017divot bez cukru je na dosah &#8211; objevte, jak na to!<\/p>\n<p>\u23f1\ufe0f D\u00e9lka 75 min<\/p>\n<p>\ud83d\udcb0 Cena: 399 K\u010d<\/p>\n<p style=\"text-align: center;\"><a style=\"display: inline-block; cursor: pointer; font-family: Arial, serif; font-size: 24px; font-weight: bold; padding: 10px 30px; text-decoration: none; background-color: #ff0000; border-radius: 6px; color: #ffffff;\" href=\"https:\/\/form.simpleshop.cz\/Wrgnn\/buy\/\">Koupit<\/a><\/p>\n<hr \/>\n<h2 style=\"text-align: center;\">Co namazat d\u011btem do \u0161koly?<\/h2>\n<h2 style=\"text-align: center;\"><img loading=\"lazy\" decoding=\"async\" class=\"alignnone size-medium wp-image-277\" style=\"font-size: 1.7em;\" src=\"https:\/\/www.pavelgrepl.cz\/wp-content\/uploads\/2024\/02\/Co-namazat_detem_do_skoly-300x300.png\" alt=\"\" width=\"300\" height=\"300\" srcset=\"https:\/\/www.pavelgrepl.cz\/wp-content\/uploads\/2024\/02\/Co-namazat_detem_do_skoly-300x300.png 300w, https:\/\/www.pavelgrepl.cz\/wp-content\/uploads\/2024\/02\/Co-namazat_detem_do_skoly-1024x1024.png 1024w, https:\/\/www.pavelgrepl.cz\/wp-content\/uploads\/2024\/02\/Co-namazat_detem_do_skoly-150x150.png 150w, https:\/\/www.pavelgrepl.cz\/wp-content\/uploads\/2024\/02\/Co-namazat_detem_do_skoly-768x768.png 768w, https:\/\/www.pavelgrepl.cz\/wp-content\/uploads\/2024\/02\/Co-namazat_detem_do_skoly.png 1080w\" sizes=\"auto, (max-width: 300px) 100vw, 300px\" \/><\/h2>\n<p>\ud83c\udf4e OBJEVTE TAJEMSTV\u00cd ZDRAV\u00ddCH SVA\u010cINEK PRO VA\u0160E D\u011aTI! \ud83c\udf4e<\/p>\n<p>\ud83c\udfa5 Zve\u0159ejn\u011bn\u00e1 videonahr\u00e1vka p\u0159edn\u00e1\u0161ky &#8222;Co namazat d\u011btem do \u0161koly&#8220; &#8211; pr\u016fvodce pro ka\u017ed\u00e9ho rodi\u010de!<\/p>\n<p>P\u0159ipojte se k n\u00e1m na cest\u011b za lep\u0161\u00edm stravov\u00e1n\u00edm va\u0161ich d\u011bt\u00ed. Tato videonahr\u00e1vka je pln\u00e1 u\u017eite\u010dn\u00fdch rad, inspirace a expertn\u00edch znalost\u00ed, kter\u00e9 prom\u011bn\u00ed va\u0161e rann\u00ed p\u0159\u00edpravy sva\u010dinek ve zdravou a z\u00e1bavnou rutinu.<\/p>\n<p>\ud83d\udcda Co se nau\u010d\u00edte?<br \/>\n&#8211; V\u00fdznam vyv\u00e1\u017een\u00e9 stravy pro va\u0161e d\u011bti a jak na ni.<br \/>\n&#8211; Kreativn\u00ed a zdrav\u00e9 n\u00e1pady na sva\u010diny, kter\u00e9 pot\u011b\u0161\u00ed i ty nejv\u011bt\u0161\u00ed neposedn\u00edky.<br \/>\n&#8211; Praktick\u00e9 tipy od Veroniky G\u00f3rov\u00e9 MSc., doktorandky s v\u00edce ne\u017e 5 lety zku\u0161enost\u00ed v neurobiologii a studiu mikrobiomu.<\/p>\n<p>\u2728 Pro\u010d se pod\u00edvat?<br \/>\n&#8211; Z\u00edskejte p\u0159\u00edstup k odborn\u00fdm rad\u00e1m a nechte se inspirovat nov\u00fdmi trendy ve stravov\u00e1n\u00ed d\u011bt\u00ed.<br \/>\n&#8211; Prozkoumejte kontroverzn\u00ed potraviny a alternativn\u00ed stravovac\u00ed p\u0159\u00edstupy pro zdrav\u011bj\u0161\u00ed volby.<br \/>\n&#8211; Investujte do zdrav\u00ed va\u0161ich d\u011bt\u00ed a podpo\u0159te je v jejich r\u016fstu a vzd\u011bl\u00e1v\u00e1n\u00ed.<\/p>\n<p>\ud83c\udf1f Nechejte se inspirovat a p\u0159em\u011b\u0148te ka\u017edodenn\u00ed sva\u010diny va\u0161ich d\u011bt\u00ed na zdravou z\u00e1bavu.<\/p>\n<p>\ud83c\udfac Shl\u00e9dn\u011bte videonahr\u00e1vku nyn\u00ed a posu\u0148te stravov\u00e1n\u00ed va\u0161ich d\u011bt\u00ed na novou \u00farove\u0148!<\/p>\n<p>\ud83d\udca1 Va\u0161e d\u011bti si zaslou\u017e\u00ed to nejlep\u0161\u00ed &#8211; za\u010dn\u011bte s n\u00e1mi jejich cestu ke zdrav\u011bj\u0161\u00edmu \u017eivotu u\u017e dnes!<\/p>\n<p>\u23f1\ufe0f D\u00e9lka: 120 min<\/p>\n<p>\ud83d\udcb0 Cena: 399 K\u010d<\/p>\n<p style=\"text-align: center;\"><a style=\"display: inline-block; cursor: pointer; font-family: Arial, serif; font-size: 24px; font-weight: bold; padding: 10px 30px; text-decoration: none; background-color: #ff0000; border-radius: 6px; color: #ffffff;\" href=\"https:\/\/form.simpleshop.cz\/3bJMn\/buy\/\">Koupit<\/a><\/p>\n","protected":false},"excerpt":{"rendered":"<p>Manu\u00e1l pro b\u011b\u017ece \ud83c\udfc3\u200d\u2642\ufe0f VYHNI SE ZA\u010c\u00c1TE\u010cNICK\u00ddM CHYB\u00c1M \ud83c\udf1f \ud83c\udfa5 Nov\u011b zve\u0159ejn\u011bn\u00e1 videonahr\u00e1vka p\u0159edn\u00e1\u0161ky \u2013 nenechte si uj\u00edt \u0161anci b\u011bhat [&hellip;]<\/p>\n","protected":false},"author":1,"featured_media":0,"parent":0,"menu_order":0,"comment_status":"closed","ping_status":"closed","template":"","meta":{"site-sidebar-layout":"default","site-content-layout":"","ast-site-content-layout":"default","site-content-style":"default","site-sidebar-style":"default","ast-global-header-display":"","ast-banner-title-visibility":"","ast-main-header-display":"","ast-hfb-above-header-display":"","ast-hfb-below-header-display":"","ast-hfb-mobile-header-display":"","site-post-title":"","ast-breadcrumbs-content":"","ast-featured-img":"","footer-sml-layout":"","theme-transparent-header-meta":"default","adv-header-id-meta":"","stick-header-meta":"","header-above-stick-meta":"","header-main-stick-meta":"","header-below-stick-meta":"","astra-migrate-meta-layouts":"set","ast-page-background-enabled":"default","ast-page-background-meta":{"desktop":{"background-color":"var(--ast-global-color-4)","background-image":"","background-repeat":"repeat","background-position":"center center","background-size":"auto","background-attachment":"scroll","background-type":"","background-media":"","overlay-type":"","overlay-color":"","overlay-gradient":""},"tablet":{"background-color":"","background-image":"","background-repeat":"repeat","background-position":"center center","background-size":"auto","background-attachment":"scroll","background-type":"","background-media":"","overlay-type":"","overlay-color":"","overlay-gradient":""},"mobile":{"background-color":"","background-image":"","background-repeat":"repeat","background-position":"center center","background-size":"auto","background-attachment":"scroll","background-type":"","background-media":"","overlay-type":"","overlay-color":"","overlay-gradient":""}},"ast-content-background-meta":{"desktop":{"background-color":"var(--ast-global-color-5)","background-image":"","background-repeat":"repeat","background-position":"center center","background-size":"auto","background-attachment":"scroll","background-type":"","background-media":"","overlay-type":"","overlay-color":"","overlay-gradient":""},"tablet":{"background-color":"var(--ast-global-color-5)","background-image":"","background-repeat":"repeat","background-position":"center center","background-size":"auto","background-attachment":"scroll","background-type":"","background-media":"","overlay-type":"","overlay-color":"","overlay-gradient":""},"mobile":{"background-color":"var(--ast-global-color-5)","background-image":"","background-repeat":"repeat","background-position":"center center","background-size":"auto","background-attachment":"scroll","background-type":"","background-media":"","overlay-type":"","overlay-color":"","overlay-gradient":""}},"footnotes":""},"class_list":["post-271","page","type-page","status-publish","hentry"],"_links":{"self":[{"href":"https:\/\/www.pavelgrepl.cz\/index.php\/wp-json\/wp\/v2\/pages\/271","targetHints":{"allow":["GET"]}}],"collection":[{"href":"https:\/\/www.pavelgrepl.cz\/index.php\/wp-json\/wp\/v2\/pages"}],"about":[{"href":"https:\/\/www.pavelgrepl.cz\/index.php\/wp-json\/wp\/v2\/types\/page"}],"author":[{"embeddable":true,"href":"https:\/\/www.pavelgrepl.cz\/index.php\/wp-json\/wp\/v2\/users\/1"}],"replies":[{"embeddable":true,"href":"https:\/\/www.pavelgrepl.cz\/index.php\/wp-json\/wp\/v2\/comments?post=271"}],"version-history":[{"count":13,"href":"https:\/\/www.pavelgrepl.cz\/index.php\/wp-json\/wp\/v2\/pages\/271\/revisions"}],"predecessor-version":[{"id":361,"href":"https:\/\/www.pavelgrepl.cz\/index.php\/wp-json\/wp\/v2\/pages\/271\/revisions\/361"}],"wp:attachment":[{"href":"https:\/\/www.pavelgrepl.cz\/index.php\/wp-json\/wp\/v2\/media?parent=271"}],"curies":[{"name":"wp","href":"https:\/\/api.w.org\/{rel}","templated":true}]}}